{"id":13812,"date":"2022-04-04T19:51:38","date_gmt":"2022-04-04T19:51:38","guid":{"rendered":"https:\/\/alcoholera.es\/?page_id=13812"},"modified":"2022-11-22T10:22:05","modified_gmt":"2022-11-22T10:22:05","slug":"sustainability","status":"publish","type":"page","link":"https:\/\/alcoholera.es\/en\/sustainability\/","title":{"rendered":"SUSTAINABILITY"},"content":{"rendered":"<div class=\"wpb-content-wrapper\"><p>[vc_section full_width=&#8221;stretch_row&#8221; pix_over_visibility=&#8221;&#8221; responsive_css=&#8221;{&#8220;pix_res_sm_pt&#8220;:&#8220;20&#8220;,&#8220;pix_res_sm_pb&#8220;:&#8220;20&#8220;,&#8220;pix_res_md_pt&#8220;:&#8220;40&#8220;,&#8220;pix_res_md_pb&#8220;:&#8220;40&#8220;}&#8221; css=&#8221;.vc_custom_1651733772553{padding-top: 40px !important;padding-bottom: 60px !important;background-color: #ffffff !important;}&#8221;][vc_row full_width=&#8221;stretch_row&#8221; content_placement=&#8221;middle&#8221; pix_particles_check=&#8221;&#8221;][vc_column css=&#8221;.vc_custom_1603928049146{padding-top: 20px !important;padding-bottom: 20px !important;}&#8221; offset=&#8221;vc_col-md-offset-2 vc_col-md-8&#8243;]<div id=\"highlighted-text-94883777\" class=\"text-center  vc_custom_1669105021859\"><h2 class=\"text-heading-default\"  data-anim-type=\"\" data-anim-delay=\"0\"><span class=\"font-weight-normal  heading-font\">Production process<\/span><\/br><span class=\"pix-highlighted-text  font-weight-normal  font-weight-bold heading-font highlighted-text-94883777-1 animate-in\" data-anim-type=\"highlight-grow\" data-anim-delay=\"200\">LA ALCOHOLERA<\/span><\/h2><\/div><div class=\"pix-el-text slide-in-container w-100 text-center  vc_custom_1669105028249\" ><div class=\"d-inline-block\" style=\"max-width:640px;\"><p class=\"text-20  text-gray-9 text-center \" >The production process at LA ALCOHOLERA combines the most ancient manufacturing processes with latest generation techniques, ensuring the best standards in terms of quality and quantity. A quest for excellence, always from a sustainable viewpoint, with a growing commitment to the self-production of electrical and thermal energy, using the same materials from which the finished products are obtained. From safety to food hygiene, from the raw materials to the end product, each phase is monitored and guaranteed, ensuring a supply that always complies with the strictest legal indications and the specific requests of our customers. The three raw materials originating from the wine industry that are used at La Alcoholera to make tartaric (and other) products are pomace, lees and crude wine.Desde la seguridad hasta la higiene alimentaria, pasando por las materias y el producto final, cada fase es monitorizada y garantizada para un suministro con las m\u00e1s rigurosas indicaciones que establece la ley y las demandas espec\u00edficas de nuestros clientes.<br \/>\r\nLas materias primas de origen vin\u00edcola utilizadas en LA ALCOHOLERA para su transformaci\u00f3n en productos tart\u00e1ricos y otros, son tres: oruja, l\u00edas y vino en bruto.<br \/>\r\n<\/p><\/div><\/div><div id=\"pix-el-1651701947937-1621570d-6185\" class=\"  vc_custom_1603928080184\"><div class=\"pix_tabs_container pix-waiting\" data-icons-pos=\"top\"><div class=\"nav  nav-pills pix_tabs_btns justify-content-start nav-fill pix-pills-line mb-4 \" data-anim-type=\"\" role=\"tablist\" data-anim-delay=\"0\" id=\"v-pills-tab\"  aria-orientation=\"vertical\"><div class=\"nav-item\"><a class=\"nav-link pix-tabs-btn text-24 pix-px-25 py-1 py-md-2 my-2 font-weight-bold\" data-id=\"1601249475369-ac7777b8-e95bf917-7330e92d-3f35\" role=\"tab\" id=\"pix-tab-btn-1601249475369-ac7777b8-e95bf917-7330e92d-3f35\" data-toggle=\"pill\" href=\"#pix-tab-1601249475369-ac7777b8-e95bf917-7330e92d-3f35\"  aria-controls=\"pix-tab-1601249475369-ac7777b8-e95bf917-7330e92d-3f35\"><i class=\"w-100 pixicon-angle-down d-block text-center mt-2\"><\/i> POMACE<\/a><\/div><div class=\"nav-item\"><a class=\"nav-link pix-tabs-btn text-24 pix-px-25 py-1 py-md-2 my-2 font-weight-bold\" data-id=\"1601249828170-e107abf0-aacff917-7330e92d-3f35\" role=\"tab\" id=\"pix-tab-btn-1601249828170-e107abf0-aacff917-7330e92d-3f35\" data-toggle=\"pill\" href=\"#pix-tab-1601249828170-e107abf0-aacff917-7330e92d-3f35\"  aria-controls=\"pix-tab-1601249828170-e107abf0-aacff917-7330e92d-3f35\"><i class=\"w-100 pixicon-angle-down d-block text-center mt-2\"><\/i> LEES<\/a><\/div><\/div><div class=\"pix_tabs_content \" data-anim-type=\"\" data-anim-delay=\"0\"><div class=\"tab-content \"><div class=\"tab-pane fade-up show  \" role=\"tabpanel\" data-toggle2=\"tab\" id=\"pix-tab-1601249475369-ac7777b8-e95bf917-7330e92d-3f35\" data-bold=\"font-weight-bold\" data-italic=\"\" data-secondary=\"\" data-id=\"1601249475369-ac7777b8-e95bf917-7330e92d-3f35\" data-icon=\"pixicon-angle-down\" data-title=\"POMACE\" aria-labelledby=\"pix-tab-1601249475369-ac7777b8-e95bf917-7330e92d-3f35\"><div class=\"pix-el-text slide-in-container w-100  \" ><p class=\"text-18  text-gray-9  font-weight-bold\" ><span class=\"animate-in d-inline-block\" data-anim-delay=\"200\" data-anim-type=\"fade-in-up\">This is the solid and semi-solid part of the grapes that remain after pressing. These are grape seeds, stems and skins. The pomace contains potassium bitartrate and ethyl alcohol. Pomace is used in the production of ethyl alcohol, grape seed oil, and grape seed pellets. The residual product, known as exhausted pomace, is used to produce thermal and electrical energy.<\/span><\/p><\/div><\/div><div class=\"tab-pane fade-up show  \" role=\"tabpanel\" data-toggle2=\"tab\" id=\"pix-tab-1601249828170-e107abf0-aacff917-7330e92d-3f35\" data-bold=\"font-weight-bold\" data-italic=\"\" data-secondary=\"\" data-id=\"1601249828170-e107abf0-aacff917-7330e92d-3f35\" data-icon=\"pixicon-angle-down\" data-title=\"LEES\" aria-labelledby=\"pix-tab-1601249828170-e107abf0-aacff917-7330e92d-3f35\"><div class=\"pix-el-text slide-in-container w-100  \" ><p class=\"text-18  text-gray-9  font-weight-bold\" ><span class=\"animate-in d-inline-block\" data-anim-delay=\"200\" data-anim-type=\"fade-in-up\">Lees are a by-product of the filtration and concentration of the musts. Depending on the process used by the winery, they may be liquid or solid, and cream or red in colour, depending on the type of grape. They are used to produce calcium tartrate and ethyl alcohol.  <\/span><\/p><\/div><\/div><\/div><\/div><\/div><\/div>[\/vc_column][\/vc_row][\/vc_section][vc_section full_width=&#8221;stretch_row&#8221; pix_over_visibility=&#8221;&#8221; css=&#8221;.vc_custom_1651735661506{padding-top: 20px !important;padding-bottom: 80px !important;background-color: #f4f4f4 !important;}&#8221;][vc_row pix_particles_check=&#8221;&#8221; css=&#8221;.vc_custom_1592257122949{padding-bottom: 40px !important;}&#8221;][vc_column content_align=&#8221;text-center&#8221;][vc_empty_space]<div id=\"duo-icon-43731649\" class=\"pix-icon d-inline-block \"><div class=\"mr-32 d-inline-block text-primary \"   style=\"width:64.8px;height:64.8px;position:relative;line-height:64.8px;text-align:center;\"><svg width=\"100%\" height=\"100%\" viewBox=\"0 0 24 24\" version=\"1.1\" xmlns=\"http:\/\/www.w3.org\/2000\/svg\" xmlns:xlink=\"http:\/\/www.w3.org\/1999\/xlink\"> <defs><\/defs> <g stroke=\"none\" stroke-width=\"1\" fill=\"none\" fill-rule=\"evenodd\"> <circle fill=\"#000000\" opacity=\"0.3\" cx=\"12\" cy=\"12\" r=\"9\"><\/circle> <path d=\"M11.7357634,20.9961946 C6.88740052,20.8563914 3,16.8821712 3,12 C3,11.9168367 3.00112797,11.8339369 3.00336944,11.751315 C3.66233009,11.8143341 4.85636818,11.9573854 4.91262842,12.4204038 C4.9904938,13.0609191 4.91262842,13.8615942 5.45804656,14.101772 C6.00346469,14.3419498 6.15931561,13.1409372 6.6267482,13.4612567 C7.09418079,13.7815761 8.34086797,14.0899175 8.34086797,14.6562185 C8.34086797,15.222396 8.10715168,16.1034596 8.34086797,16.2636193 C8.57458427,16.423779 9.5089688,17.54465 9.50920913,17.7048097 C9.50956962,17.8649694 9.83857487,18.6793513 9.74040201,18.9906563 C9.65905192,19.2487394 9.24857641,20.0501554 8.85059781,20.4145589 C9.75315358,20.7620621 10.7235846,20.9657742 11.7357634,20.9960544 L11.7357634,20.9961946 Z M8.28272988,3.80112099 C9.4158415,3.28656421 10.6744554,3 12,3 C15.5114513,3 18.5532143,5.01097452 20.0364482,7.94408274 C20.069657,8.72412177 20.0638332,9.39135321 20.2361262,9.6327358 C21.1131932,10.8600506 18.0995147,11.7043158 18.5573343,13.5605384 C18.7589671,14.3794892 16.5527814,14.1196773 16.0139722,14.886394 C15.4748026,15.6527403 14.1574598,15.137809 13.8520064,14.9904917 C13.546553,14.8431744 12.3766497,15.3341497 12.4789081,14.4995164 C12.5805657,13.664636 13.2922889,13.6156126 14.0555619,13.2719546 C14.8184743,12.928667 15.9189236,11.7871741 15.3781918,11.6380045 C12.8323064,10.9362407 11.963771,8.47852395 11.963771,8.47852395 C11.8110443,8.44901109 11.8493762,6.74109366 11.1883616,6.69207022 C10.5267462,6.64279981 10.170464,6.88841096 9.20435656,6.69207022 C8.23764828,6.49572949 8.44144409,5.85743687 8.2887174,4.48255778 C8.25453994,4.17415686 8.25619136,3.95717082 8.28272988,3.80112099 Z M20.9991771,11.8770357 C20.9997251,11.9179585 21,11.9589471 21,12 C21,16.9406923 17.0188468,20.9515364 12.0895088,20.9995641 C16.970233,20.9503326 20.9337111,16.888438 20.9991771,11.8770357 Z\" fill=\"#000000\" opacity=\"0.3\"><\/path> <\/g> <\/svg><\/div><\/div><div id=\"highlighted-text-77252919\" class=\"text-center  vc_custom_1669105228896\"><h2 class=\"text-heading-default\"  data-anim-type=\"\" data-anim-delay=\"0\"><span class=\"font-weight-normal  heading-font\">ZERO<\/span><\/br><span class=\"pix-highlighted-text  font-weight-normal  font-weight-bold heading-font highlighted-text-77252919-1 animate-in\" data-anim-type=\"highlight-grow\" data-anim-delay=\"200\">RESIDUES<\/span><\/h2><\/div>[\/vc_column][\/vc_row][vc_row pix_particles_check=&#8221;&#8221; pix_visibility=&#8221;1&#8243; bottom_divider=&#8221;4&#8243; css=&#8221;.vc_custom_1592260672075{padding-top: 20px !important;}&#8221;][vc_column width=&#8221;1\/2&#8243;]<a  href=\"#\" class=\" fly\"><div class=\"card   vc_custom_1669105246613  rounded-lg  overflow-hidden shadow shadow-hover-lg fly  animate-in \" data-anim-delay=\"200\" data-anim-type=\"fade-in-up\"><img decoding=\"async\" src=\"https:\/\/alcoholera.es\/wp-content\/plugins\/pixfort-core\/functions\/images\/loading.webp\"   data-srcset=\"https:\/\/alcoholera.es\/wp-content\/uploads\/2022\/07\/01-300x169.jpg 300w, https:\/\/alcoholera.es\/wp-content\/uploads\/2022\/07\/01-600x338.jpg 600w, https:\/\/alcoholera.es\/wp-content\/uploads\/2022\/07\/01-768x432.jpg 768w, https:\/\/alcoholera.es\/wp-content\/uploads\/2022\/07\/01.jpg 960w\" data-src=\"https:\/\/alcoholera.es\/wp-content\/uploads\/2022\/07\/01.jpg\" class=\"pix-lazy\" loading=\"lazy\" alt=\"DISTILLATION PROCESS\"><div class=\"card-body\"><div class=\"d-flex justify-content-between align-items-center font-weight-bold text-heading-default\"><h6 style=\"\" class=\"card-title mb-0 font-weight-bold text-heading-default\">DISTILLATION PROCESS<\/h6><h6 style=\"\" class=\"font-weight-bold text-heading-default pixicon-angle-right\"><\/h6><\/div><\/div><\/div><\/a>[\/vc_column][vc_column width=&#8221;1\/2&#8243;]<a  href=\"#\" class=\" fly\"><div class=\"card   vc_custom_1669105258095  rounded-lg  overflow-hidden shadow shadow-hover-lg fly  animate-in \" data-anim-delay=\"400\" data-anim-type=\"fade-in-up\"><img decoding=\"async\" src=\"https:\/\/alcoholera.es\/wp-content\/plugins\/pixfort-core\/functions\/images\/loading.webp\"   data-srcset=\"https:\/\/alcoholera.es\/wp-content\/uploads\/2022\/07\/02-300x169.jpg 300w, https:\/\/alcoholera.es\/wp-content\/uploads\/2022\/07\/02-600x338.jpg 600w, https:\/\/alcoholera.es\/wp-content\/uploads\/2022\/07\/02-768x432.jpg 768w, https:\/\/alcoholera.es\/wp-content\/uploads\/2022\/07\/02.jpg 960w\" data-src=\"https:\/\/alcoholera.es\/wp-content\/uploads\/2022\/07\/02.jpg\" class=\"pix-lazy\" loading=\"lazy\" alt=\"PRODUCTION PROCESS\"><div class=\"card-body\"><div class=\"d-flex justify-content-between align-items-center font-weight-bold text-heading-default\"><h6 style=\"\" class=\"card-title mb-0 font-weight-bold text-heading-default\">PRODUCTION PROCESS<\/h6><h6 style=\"\" class=\"font-weight-bold text-heading-default pixicon-angle-right\"><\/h6><\/div><\/div><\/div><\/a>[\/vc_column][\/vc_row][\/vc_section]<\/p>\r\n<\/div>","protected":false},"excerpt":{"rendered":"[vc_section full_width=&#8221;stretch_row&#8221; pix_over_visibility=&#8221;&#8221; responsive_css=&#8221;{&#8220;pix_res_sm_pt&#8220;:&#8220;20&#8220;,&#8220;pix_res_sm_pb&#8220;:&#8220;20&#8220;,&#8220;pix_res_md_pt&#8220;:&#8220;40&#8220;,&#8220;pix_res_md_pb&#8220;:&#8220;40&#8220;}&#8221; css=&#8221;.vc_custom_1651733772553{padding-top: 40px !important;padding-bottom: 60px !important;background-color: #ffffff !important;}&#8221;][vc_row full_width=&#8221;stretch_row&#8221; content_placement=&#8221;middle&#8221; pix_particles_check=&#8221;&#8221;][vc_column css=&#8221;.vc_custom_1603928049146{padding-top: 20px !important;padding-bottom: 20px !important;}&#8221; offset=&#8221;vc_col-md-offset-2 vc_col-md-8&#8243;][\/vc_column][\/vc_row][\/vc_section][vc_section full_width=&#8221;stretch_row&#8221; pix_over_visibility=&#8221;&#8221; css=&#8221;.vc_custom_1651735661506{padding-top: 20px !important;padding-bottom: 80px !important;background-color: #f4f4f4 !important;}&#8221;][vc_row pix_particles_check=&#8221;&#8221; css=&#8221;.vc_custom_1592257122949{padding-bottom: 40px !important;}&#8221;][vc_column content_align=&#8221;text-center&#8221;][vc_empty_space][\/vc_column][\/vc_row][vc_row pix_particles_check=&#8221;&#8221; pix_visibility=&#8221;1&#8243; bottom_divider=&#8221;4&#8243; css=&#8221;.vc_custom_1592260672075{padding-top: 20px&#8230;","protected":false},"author":1,"featured_media":0,"parent":0,"menu_order":0,"comment_status":"closed","ping_status":"closed","template":"","meta":{"footnotes":""},"class_list":["post-13812","page","type-page","status-publish","hentry"],"_links":{"self":[{"href":"https:\/\/alcoholera.es\/en\/wp-json\/wp\/v2\/pages\/13812","targetHints":{"allow":["GET"]}}],"collection":[{"href":"https:\/\/alcoholera.es\/en\/wp-json\/wp\/v2\/pages"}],"about":[{"href":"https:\/\/alcoholera.es\/en\/wp-json\/wp\/v2\/types\/page"}],"author":[{"embeddable":true,"href":"https:\/\/alcoholera.es\/en\/wp-json\/wp\/v2\/users\/1"}],"replies":[{"embeddable":true,"href":"https:\/\/alcoholera.es\/en\/wp-json\/wp\/v2\/comments?post=13812"}],"version-history":[{"count":5,"href":"https:\/\/alcoholera.es\/en\/wp-json\/wp\/v2\/pages\/13812\/revisions"}],"predecessor-version":[{"id":13817,"href":"https:\/\/alcoholera.es\/en\/wp-json\/wp\/v2\/pages\/13812\/revisions\/13817"}],"wp:attachment":[{"href":"https:\/\/alcoholera.es\/en\/wp-json\/wp\/v2\/media?parent=13812"}],"curies":[{"name":"wp","href":"https:\/\/api.w.org\/{rel}","templated":true}]}}